{"id":31,"date":"2013-12-21T22:50:47","date_gmt":"2013-12-21T22:50:47","guid":{"rendered":"http:\/\/igormatkovic.com\/?page_id=31"},"modified":"2022-11-23T19:22:53","modified_gmt":"2022-11-23T19:22:53","slug":"media","status":"publish","type":"page","link":"https:\/\/igormatkovic.com\/?page_id=31","title":{"rendered":"Media"},"content":{"rendered":"\n<p class=\"has-cyan-bluish-gray-color has-text-color has-medium-font-size\"><a href=\"https:\/\/www.sigic.si\/odsevi.html\" data-type=\"URL\" data-id=\"https:\/\/www.sigic.si\/odsevi.html\">Nina Novak<strong> <\/strong>review of a solo concert on Sigic<\/a><\/p>\n\n\n\n<blockquote class=\"wp-block-quote is-layout-flow wp-block-quote-is-layout-flow\">\n<p class=\"has-cyan-bluish-gray-color has-text-color\"><em>Osrednji akter daje ob\u010dutek popolne unavzo\u010denosti v trenutku samem. V njem ob\u010duti, do\u017eivi, \u017eivi in od\u017eivi vsak ton, s \u010dimer prej kot k razvijanju muzikalnosti stremi k odkrivanju zvo\u010dnosti. V prid temu gredo med drugim \u0161tevilni komaj zaznavni premori, ki si jih privo\u0161\u010di brez ob\u017ealovanja, kot nujen poseg, ob pomo\u010di katerega ponovno zasli\u0161i lastne misli in si utre pot k novim pripovedim.<\/em><\/p>\n<\/blockquote>\n\n\n\n<p class=\"has-cyan-bluish-gray-color has-text-color has-medium-font-size\"><a href=\"https:\/\/www.mladina.si\/191196\/igor-matkovic-trobentac-in-skladatelj\/\">Artist profile at MLADINA by Izak Ko\u0161ir<\/a><\/p>\n\n\n\n<p class=\"has-cyan-bluish-gray-color has-text-color has-medium-font-size\"><a href=\"http:\/\/www.sigic.si\/odbleski-magije.html\" target=\"_blank\" rel=\"noreferrer noopener\">Nina Novak review on album &#8220;EPHEMERAL LAKE&#8221; on <strong>SIGIC.<\/strong><\/a><\/p>\n\n\n\n<blockquote class=\"wp-block-quote has-text-align-left is-layout-flow wp-block-quote-is-layout-flow\">\n<p class=\"has-cyan-bluish-gray-color has-text-color\"><em>Ta izdelek je potemtakem eden zrelej\u0161ih in pomembnej\u0161ih v zgodovini slovenskega jazza danes. Ne sku\u0161a o\u010darati ne z visoko zvene\u010dimi imeni ne z eminentnimi zalo\u017ebami. Samo je, obstaja. Kot intimna izku\u0161nja \u010dloveka, ki sprejema minljivost in ki s tem, ko svoja spoznanja deli z drugimi, tistimi pa\u010d, ki mu \u017eelijo prisluhniti, postaja univerzalen.<\/em><\/p>\n<\/blockquote>\n\n\n\n<p class=\"has-cyan-bluish-gray-color has-text-color has-medium-font-size\">Interview with Tina Le\u0161ni\u010dar for the newspaper <a href=\"https:\/\/www.delo.si\/kultura\/glasba\/nisem-imel-svojega-prostora-zato-sem-si-ga-ustvaril-147297.html\">DELO<\/a> .<\/p>\n\n\n\n<blockquote class=\"wp-block-quote is-layout-flow wp-block-quote-is-layout-flow\">\n<p class=\"has-cyan-bluish-gray-color has-text-color\">\u00bbNisem imel svojega prostora, zato sem si ga ustvaril\u00ab<\/p>\n<\/blockquote>\n\n\n\n<p class=\"has-cyan-bluish-gray-color has-text-color has-medium-font-size\">Nina Novak for <a href=\"http:\/\/www.sigic.si\/odmev-praznine.html\">SIGIC<\/a> on Igor Matkovi\u0107 Quintet &#8220;State Of Ku&#8221;<\/p>\n\n\n\n<blockquote class=\"wp-block-quote has-cyan-bluish-gray-color has-text-color is-layout-flow wp-block-quote-is-layout-flow\">\n<p class=\"has-cyan-bluish-gray-color has-text-color\">&#8220;Ta izredno dovr\u0161en in premi\u0161ljen, a hkrati svoboden in iskren, oseben, \u010duten in nadvse pripoveden, tudi naraven, \u010de \u017ee ne prvinski glasbeni mozaik bi te\u017eko zamejili&#8230;&#8221;<\/p>\n<\/blockquote>\n\n\n\n<p class=\"has-cyan-bluish-gray-color has-text-color has-medium-font-size\">About &#8220;Sonic Motion&#8221; at Slovenian newspaper <a href=\"http:\/\/www.delo.si\/kultura\/glasba\/sonic-motion-iskanje-novih-zvocnih-dimenzij.html\">Delo<\/a>.<\/p>\n\n\n\n<p class=\"has-cyan-bluish-gray-color has-text-color has-medium-font-size\">Interview on <a href=\"http:\/\/www.siol.net\/kultura\/oder\/2012\/02\/igor_matkovic.aspx\">Planet Siol.net<\/a>.<\/p>\n\n\n\n<p class=\"has-cyan-bluish-gray-color has-text-color has-medium-font-size\">Interview on <a href=\"http:\/\/www.rtvslo.si\/mmc-priporoca\/igor-matkovic-dzezovski-glasbenik-in-ucitelj-za-vedno-je-treba-ostati-ucenec\/328964\">MMC<\/a> (Slovenian Language)<\/p>\n","protected":false},"excerpt":{"rendered":"<p>Nina Novak review of a solo concert on Sigic Osrednji akter daje ob\u010dutek popolne unavzo\u010denosti v trenutku samem. V njem ob\u010duti, do\u017eivi, \u017eivi in od\u017eivi vsak ton, s \u010dimer prej kot k razvijanju muzikalnosti stremi k odkrivanju zvo\u010dnosti. V prid temu gredo med drugim \u0161tevilni komaj zaznavni premori, ki si jih privo\u0161\u010di brez ob\u017ealovanja, kot&hellip;<\/p>\n","protected":false},"author":2,"featured_media":22,"parent":0,"menu_order":0,"comment_status":"closed","ping_status":"closed","template":"","meta":{"footnotes":""},"class_list":["post-31","page","type-page","status-publish","has-post-thumbnail","hentry"],"_links":{"self":[{"href":"https:\/\/igormatkovic.com\/index.php?rest_route=\/wp\/v2\/pages\/31","targetHints":{"allow":["GET"]}}],"collection":[{"href":"https:\/\/igormatkovic.com\/index.php?rest_route=\/wp\/v2\/pages"}],"about":[{"href":"https:\/\/igormatkovic.com\/index.php?rest_route=\/wp\/v2\/types\/page"}],"author":[{"embeddable":true,"href":"https:\/\/igormatkovic.com\/index.php?rest_route=\/wp\/v2\/users\/2"}],"replies":[{"embeddable":true,"href":"https:\/\/igormatkovic.com\/index.php?rest_route=%2Fwp%2Fv2%2Fcomments&post=31"}],"version-history":[{"count":22,"href":"https:\/\/igormatkovic.com\/index.php?rest_route=\/wp\/v2\/pages\/31\/revisions"}],"predecessor-version":[{"id":865,"href":"https:\/\/igormatkovic.com\/index.php?rest_route=\/wp\/v2\/pages\/31\/revisions\/865"}],"wp:featuredmedia":[{"embeddable":true,"href":"https:\/\/igormatkovic.com\/index.php?rest_route=\/wp\/v2\/media\/22"}],"wp:attachment":[{"href":"https:\/\/igormatkovic.com\/index.php?rest_route=%2Fwp%2Fv2%2Fmedia&parent=31"}],"curies":[{"name":"wp","href":"https:\/\/api.w.org\/{rel}","templated":true}]}}